{"id":19,"date":"2017-12-06T22:00:02","date_gmt":"2017-12-06T19:00:02","guid":{"rendered":"http:\/\/www.acilpara.gen.tr\/?page_id=19"},"modified":"2017-12-07T00:05:55","modified_gmt":"2017-12-06T21:05:55","slug":"acil-para-mi-lazim","status":"publish","type":"page","link":"http:\/\/www.is-ilanlari.org\/acilpara\/","title":{"rendered":"Acil Para M\u0131 Laz\u0131m?"},"content":{"rendered":"<div class=\"tzuee69f3641addf4d\" style=\"float: left;\"><script async src=\"\/\/pagead2.googlesyndication.com\/pagead\/js\/adsbygoogle.js\"><\/script>\n<!-- Enjoylife -->\n<ins class=\"adsbygoogle\"\n     style=\"display:inline-block;width:200px;height:200px\"\n     data-ad-client=\"ca-pub-1834787164780493\"\n     data-ad-slot=\"4807103361\"><\/ins>\n<script>\n(adsbygoogle = window.adsbygoogle || []).push({});\n<\/script><\/div><style type=\"text\/css\">\r\n.tzuee69f3641addf4d {\r\nmargin: 5px; padding: 0px;\r\n}\r\n@media screen and (min-width: 1201px) {\r\n.tzuee69f3641addf4d {\r\ndisplay: block;\r\n}\r\n}\r\n@media screen and (min-width: 993px) and (max-width: 1200px) {\r\n.tzuee69f3641addf4d {\r\ndisplay: block;\r\n}\r\n}\r\n@media screen and (min-width: 769px) and (max-width: 992px) {\r\n.tzuee69f3641addf4d {\r\ndisplay: block;\r\n}\r\n}\r\n@media screen and (min-width: 768px) and (max-width: 768px) {\r\n.tzuee69f3641addf4d {\r\ndisplay: block;\r\n}\r\n}\r\n@media screen and (max-width: 767px) {\r\n.tzuee69f3641addf4d {\r\ndisplay: block;\r\n}\r\n}\r\n<\/style>\r\n<p>Acil para m\u0131 laz\u0131m? Nereden ve nas\u0131l bulaca\u011f\u0131n\u0131z\u0131 bilmiyor musunuz, bu problem ile ya\u015famaktan s\u0131k\u0131ld\u0131n\u0131z m\u0131, daha fazla bu y\u00fck\u00fc ta\u015f\u0131may\u0131n ve \u00e7\u00f6z\u00fcm yollar\u0131ndan birini uygulay\u0131n. Bor\u00e7suz ya\u015famak, \u00e7ocu\u011funuzun daha iyi bir e\u011fitim almas\u0131n\u0131 sa\u011flamak, sa\u011fl\u0131k masraflar\u0131n\u0131 d\u00fc\u015f\u00fcnmeden gerekti\u011fi \u015fekilde doktora gitmek, maddi giderleri d\u00fc\u015f\u00fcnmeden d\u00fc\u011f\u00fcn yapmak sizin de hakk\u0131n\u0131z.<\/p>\n<p>\u0130\u00e7erisinde paraya daha do\u011frusu para bulmaya dair b\u00f6l\u00fcmlerin yer ald\u0131\u011f\u0131 bu site\u00a0size yol arkada\u015f\u0131 olsun, dertlerinize \u00e7\u00f6z\u00fcm bulsun diye olu\u015fturuldu. Kredilere dair akl\u0131n\u0131za tak\u0131lan her sorunun cevab\u0131, <strong>senetle kredi nereden<\/strong> <strong>al\u0131n\u0131r<\/strong>, <strong>kredi \u00e7\u0131karan firmalar<\/strong> kimlerdir uzun uzun her detay\u0131na kadar anlat\u0131ld\u0131.<\/p>\n<p>Acil para m\u0131 laz\u0131m dedik bu do\u011frultuda yola \u00e7\u0131kt\u0131k. \u00c7\u00f6z\u00fcm bulaca\u011f\u0131n\u0131zdan, \u00e7\u0131kmazdan kurtulaca\u011f\u0131n\u0131za eminiz. <span style=\"color: #ff0000;\"><span style=\"text-decoration: underline;\"><span style=\"color: #333333; text-decoration: underline;\">Laf\u0131 uzatmayal\u0131m ve size i\u00e7eri\u011fimizi sunal\u0131m.<\/span><\/span> Her yaz\u0131n\u0131n sayfa sonunda i\u00e7erik listesini bulacaks\u0131n\u0131z. \u0130lk sayfadan ba\u015flayarak devam edebilirsiniz.<\/span><\/p>\n<p><strong>\u0130\u00c7\u0130NDEK\u0130LER<\/strong><\/p>\n<div style=\"text-align: left;\"><strong>1) <span style=\"color: #3366ff;\"><a href=\"http:\/\/www.is-ilanlari.org\/acilpara\/acil-para-lazim-ne-yapmaliyim\/\"><span style=\"color: #0000ff;\">Acil Para Laz\u0131m Ne Yapmal\u0131y\u0131m<\/span><\/a>?<\/span><\/strong><\/div>\n<div style=\"text-align: left;\"><strong>2) Acil Para Nas\u0131l Bulunur? \u00a0<\/strong><\/div>\n<div style=\"text-align: left;\"><strong>3) Acil Para Bulman\u0131n Yollar\u0131\u00a0<\/strong><\/div>\n<div style=\"text-align: left;\">\n<div><strong>\u00a0 \u00a0 <\/strong>3a- \u00a0Acil para kazanma y\u00f6ntemleri<\/div>\n<div>\u00a0 \u00a0 \u00a03b- \u00a0Acil para duas\u0131<\/div>\n<div>\u00a0 \u00a0 \u00a03c- \u00a0Acil Nakit Verilir<\/div>\n<\/div>\n<div style=\"text-align: left;\"><strong>4) Senetle Para i\u00e7in Bilmeniz gereken Konular<\/strong><\/div>\n<div>\n<div>\n<div style=\"text-align: left;\"><strong>5) Senetle Kredi Veren Yerler\u00a0<\/strong><\/div>\n<div style=\"text-align: left;\"><strong>6) Bankalardan acil kredi nas\u0131l al\u0131r\u0131m?\u00a0<\/strong><\/div>\n<div style=\"text-align: left;\"><strong>7) Acil Nakit Laz\u0131m oldu\u011funda Tefecilere Nas\u0131l Ula\u015f\u0131r\u0131m<\/strong><\/div>\n<div style=\"text-align: left;\"><strong>8) Sorunlu Krediler \u00c7\u0131kart\u0131l\u0131r\u00a0<\/strong><\/div>\n<div><\/div>\n<\/div>\n<\/div>\n<div><\/div>\n<p><span style=\"text-decoration: underline;\">NOT:<\/span> 3. maddede oldu\u011fu gibi di\u011fer ana maddelerin baz\u0131lar\u0131nda alt maddeler bulunmaktad\u0131r. \u0130ncelemek ve baz\u0131lar\u0131 ile ileti\u015fim i\u00e7in hepsini detayl\u0131ca inceleyebilirsiniz.<\/p>\n<p>Site \u00fczerindeki arama k\u0131sm\u0131ndan aramak istedi\u011finiz konuda \u00a0&#8220;buradan yaz\u0131n\u0131z ve entera&#8221; bas\u0131n\u0131z k\u0131sm\u0131ndan yazarak enter deyiniz. Kar\u015f\u0131n\u0131za bir listeleme \u00e7\u0131kacakt\u0131r oradan istedi\u011finiz i\u00e7eri\u011fe kolayca ula\u015fabilirsiniz. E\u011fer bulundu\u011funuz \u015fehir ile ilgili bir arama yapmak istiyorsan\u0131z \u00f6rnek: &#8221; \u0130STANBUL&#8221; yaz\u0131n\u0131z kar\u015f\u0131n\u0131za \u0130stanbul ile ilgili sitede bulunan i\u00e7erik verilecektir. Ba\u015fvurular i\u00e7in her yaz\u0131n\u0131n alt k\u0131sm\u0131ndaki yorum b\u00f6l\u00fcmlerinden yazabilece\u011finiz gibi sayfan\u0131n en a\u015fa\u011f\u0131s\u0131nda bulunan ileti\u015fim k\u0131sm\u0131ndan yazarak da bize ula\u015fabilirsiniz.<\/p>\n<p><strong>Acil para laz\u0131m<\/strong> diyorsan\u0131z sitemiz i\u00e7eri\u011fi ile ilgili ana maddelerin b\u00fct\u00fcn\u00fcn\u00fcn bulundu\u011fu &#8221; i\u00e7indekiler&#8221; sayfam\u0131z \u00fczerinden say\u0131l\u0131 maddeler linklerine ula\u015fabilirsiniz. Bu sayfalar \u00fczerinden de alt maddelerde bulunan yaz\u0131 ve haberlere ula\u015fabilirsiniz.<\/p>\n<div class=\"vlhtc69f3641adde7c\" ><script async src=\"\/\/pagead2.googlesyndication.com\/pagead\/js\/adsbygoogle.js\"><\/script>\n<!-- baglant\u0131 -->\n<ins class=\"adsbygoogle\"\n     style=\"display:block\"\n     data-ad-client=\"ca-pub-1834787164780493\"\n     data-ad-slot=\"2867061526\"\n     data-ad-format=\"link\"><\/ins>\n<script>\n(adsbygoogle = window.adsbygoogle || []).push({});\n<\/script><\/div><style type=\"text\/css\">\r\n.vlhtc69f3641adde7c {\r\nmargin: 5px; padding: 0px;\r\n}\r\n@media screen and (min-width: 1201px) {\r\n.vlhtc69f3641adde7c {\r\ndisplay: block;\r\n}\r\n}\r\n@media screen and (min-width: 993px) and (max-width: 1200px) {\r\n.vlhtc69f3641adde7c {\r\ndisplay: block;\r\n}\r\n}\r\n@media screen and (min-width: 769px) and (max-width: 992px) {\r\n.vlhtc69f3641adde7c {\r\ndisplay: block;\r\n}\r\n}\r\n@media screen and (min-width: 768px) and (max-width: 768px) {\r\n.vlhtc69f3641adde7c {\r\ndisplay: block;\r\n}\r\n}\r\n@media screen and (max-width: 767px) {\r\n.vlhtc69f3641adde7c {\r\ndisplay: block;\r\n}\r\n}\r\n<\/style>\r\n","protected":false},"excerpt":{"rendered":"<p>Acil para m\u0131 laz\u0131m? Nereden ve nas\u0131l bulaca\u011f\u0131n\u0131z\u0131 bilmiyor musunuz, bu problem ile ya\u015famaktan s\u0131k\u0131ld\u0131n\u0131z m\u0131, daha fazla bu y\u00fck\u00fc ta\u015f\u0131may\u0131n ve \u00e7\u00f6z\u00fcm yollar\u0131ndan birini uygulay\u0131n. Bor\u00e7suz ya\u015famak, \u00e7ocu\u011funuzun daha iyi bir e\u011fitim almas\u0131n\u0131 sa\u011flamak, sa\u011fl\u0131k masraflar\u0131n\u0131 d\u00fc\u015f\u00fcnmeden gerekti\u011fi \u015fekilde doktora gitmek, maddi giderleri d\u00fc\u015f\u00fcnmeden d\u00fc\u011f\u00fcn yapmak sizin de hakk\u0131n\u0131z. \u0130\u00e7erisinde paraya daha do\u011frusu para&#8230;<\/p>\n","protected":false},"author":1,"featured_media":0,"parent":0,"menu_order":0,"comment_status":"closed","ping_status":"closed","template":"","meta":[],"_links":{"self":[{"href":"http:\/\/www.is-ilanlari.org\/acilpara\/wp-json\/wp\/v2\/pages\/19"}],"collection":[{"href":"http:\/\/www.is-ilanlari.org\/acilpara\/wp-json\/wp\/v2\/pages"}],"about":[{"href":"http:\/\/www.is-ilanlari.org\/acilpara\/wp-json\/wp\/v2\/types\/page"}],"author":[{"embeddable":true,"href":"http:\/\/www.is-ilanlari.org\/acilpara\/wp-json\/wp\/v2\/users\/1"}],"replies":[{"embeddable":true,"href":"http:\/\/www.is-ilanlari.org\/acilpara\/wp-json\/wp\/v2\/comments?post=19"}],"version-history":[{"count":2,"href":"http:\/\/www.is-ilanlari.org\/acilpara\/wp-json\/wp\/v2\/pages\/19\/revisions"}],"predecessor-version":[{"id":495,"href":"http:\/\/www.is-ilanlari.org\/acilpara\/wp-json\/wp\/v2\/pages\/19\/revisions\/495"}],"wp:attachment":[{"href":"http:\/\/www.is-ilanlari.org\/acilpara\/wp-json\/wp\/v2\/media?parent=19"}],"curies":[{"name":"wp","href":"https:\/\/api.w.org\/{rel}","templated":true}]}}